{"id":2,"date":"2025-04-13T14:25:11","date_gmt":"2025-04-13T14:25:11","guid":{"rendered":"https:\/\/www.avikingandthewoods.de\/?page_id=2"},"modified":"2025-04-13T15:31:52","modified_gmt":"2025-04-13T15:31:52","slug":"info-page","status":"publish","type":"page","link":"https:\/\/www.avikingandthewoods.de\/?page_id=2","title":{"rendered":"Infos"},"content":{"rendered":"\n<p>Hier ein paar kurze Daten zu mir:<\/p>\n\n\n\n<p>Ich bin sowohl hinter dem Bildschirm bei Twitch als auch drau\u00dfen aktiv.<br>Das Interessensgebiet ist weit gef\u00e4chert angefangen von Holzbearbeitung bis Technik Nerd zeugs \ud83d\ude42<\/p>\n\n\n\n<p>Auf dieser Seite sollen alle Themen jeweils in Kategorien gezeigt werden.<\/p>\n\n\n\n<p><\/p>\n\n\n\n<p>W\u00fcnsche euch Viel Spa\u00df auf meiner Seite und schaut gerne auf meinen verlinkten Kan\u00e4len vorbei.<\/p>\n\n\n\n<p><\/p>\n\n\n\n<p>Gr\u00fc\u00dfla euer Heady<br> <\/p>\n","protected":false},"excerpt":{"rendered":"<p>Hier ein paar kurze Daten zu mir: Ich bin sowohl hinter dem Bildschirm bei Twitch als auch drau\u00dfen aktiv.Das Interessensgebiet ist weit gef\u00e4chert angefangen von Holzbearbeitung bis Technik Nerd zeugs \ud83d\ude42 Auf dieser Seite sollen alle Themen jeweils in Kategorien gezeigt werden. W\u00fcnsche euch Viel Spa\u00df auf meiner Seite und schaut gerne auf meinen verlinkten<\/p>\n","protected":false},"author":1,"featured_media":9,"parent":0,"menu_order":0,"comment_status":"closed","ping_status":"closed","template":"","meta":{"footnotes":""},"class_list":["post-2","page","type-page","status-publish","has-post-thumbnail","hentry"],"_links":{"self":[{"href":"https:\/\/www.avikingandthewoods.de\/index.php?rest_route=\/wp\/v2\/pages\/2","targetHints":{"allow":["GET"]}}],"collection":[{"href":"https:\/\/www.avikingandthewoods.de\/index.php?rest_route=\/wp\/v2\/pages"}],"about":[{"href":"https:\/\/www.avikingandthewoods.de\/index.php?rest_route=\/wp\/v2\/types\/page"}],"author":[{"embeddable":true,"href":"https:\/\/www.avikingandthewoods.de\/index.php?rest_route=\/wp\/v2\/users\/1"}],"replies":[{"embeddable":true,"href":"https:\/\/www.avikingandthewoods.de\/index.php?rest_route=%2Fwp%2Fv2%2Fcomments&post=2"}],"version-history":[{"count":3,"href":"https:\/\/www.avikingandthewoods.de\/index.php?rest_route=\/wp\/v2\/pages\/2\/revisions"}],"predecessor-version":[{"id":30,"href":"https:\/\/www.avikingandthewoods.de\/index.php?rest_route=\/wp\/v2\/pages\/2\/revisions\/30"}],"wp:featuredmedia":[{"embeddable":true,"href":"https:\/\/www.avikingandthewoods.de\/index.php?rest_route=\/wp\/v2\/media\/9"}],"wp:attachment":[{"href":"https:\/\/www.avikingandthewoods.de\/index.php?rest_route=%2Fwp%2Fv2%2Fmedia&parent=2"}],"curies":[{"name":"wp","href":"https:\/\/api.w.org\/{rel}","templated":true}]}}